{"id":90,"date":"2023-01-15T20:29:49","date_gmt":"2023-01-15T20:29:49","guid":{"rendered":"https:\/\/coalitionstopdesignerbabies.net\/?page_id=90"},"modified":"2025-05-11T13:06:22","modified_gmt":"2025-05-11T13:06:22","slug":"declaration-internationale-contre-la-legalisation-de-la-modification-genetique-des-etres-humains","status":"publish","type":"page","link":"https:\/\/coalitionstopdesignerbabies.net\/?page_id=90","title":{"rendered":"D\u00e9claration internationale contre la l\u00e9galisation de la modification g\u00e9n\u00e9tique des \u00eatres humains"},"content":{"rendered":"\r\n<p><a href=\"https:\/\/coalitionstopdesignerbabies.net\/?page_id=79\">Deutsche Version<\/a> \/\/ <a href=\"https:\/\/coalitionstopdesignerbabies.net\/?page_id=90\">Version Fran\u00e7aise<\/a> \/\/ <a href=\"https:\/\/coalitionstopdesignerbabies.net\/?page_id=102\">Versi\u00f3n en castellano<\/a> \/\/ <a href=\"https:\/\/coalitionstopdesignerbabies.net\/\">English version<\/a> \/\/ <a href=\"https:\/\/coalitionstopdesignerbabies.net\/?page_id=265\">Versione italian<u><span style=\"text-decoration: underline;\">a<\/span><\/u><\/a><\/p>\r\n\r\n\r\n\r\n<p>Les organisations et personnes soussign\u00e9es soutiennent le consensus international existant contre la modification g\u00e9n\u00e9tique des \u00eatres humains (HGM*). Nous exprimons notre grande inqui\u00e9tude et notre opposition aux acad\u00e9mies et autres soci\u00e9t\u00e9s scientifiques qui cherchent actuellement \u00e0 l\u00e9galiser la modification g\u00e9n\u00e9tique des \u00eatres humains. D\u2019un point de vue m\u00e9dicale, la HGM est totalement inutile. Continuer dans cette voie serait non seulement scientifiquement irresponsable mais, surtout, susceptible d&#8217;avoir des cons\u00e9quences extr\u00eamement n\u00e9fastes, au niveau individuel et collectif.<\/p>\r\n\r\n\r\n\r\n<p>L&#8217;histoire de l&#8217;eug\u00e9nisme a conduit \u00e0 l&#8217;interdiction du clonage humain et de la HGM dans diff\u00e9rents trait\u00e9s internationaux ainsi que dans de nombreux pays dans les ann\u00e9es 1990. Nous soutenons ce consensus international, et ce malgr\u00e9 le d\u00e9veloppement de nouvelles technologies de modification g\u00e9n\u00e9tique. Nous d\u00e9clarons\u00a0:<\/p>\r\n\r\n\r\n\r\n<ul class=\"wp-block-list\">\r\n<li>La manipulation g\u00e9n\u00e9tique de nos futurs enfants va \u00e0 l&#8217;encontre de l&#8217;inclusion et de l&#8217;\u00e9galit\u00e9 de toutes les personnes vuln\u00e9rables et groupes minoritaires. Il s\u2019agit d\u2019une attaque envers la diversit\u00e9 humaine. Plut\u00f4t que de promouvoir une comp\u00e9tition \u00e0 base &#8220;d\u2019am\u00e9lioration&#8221; g\u00e9n\u00e9tique d\u2019embryons et de mobiliser un d\u00e9terminisme biologique oppressif pour d\u00e9cider ce qui constitue un &#8220;meilleur&#8221; \u00eatre humain, nous envisageons un monde qui c\u00e9l\u00e8bre et accepte toutes les diversit\u00e9s, individuelles et collectives. Autoriser la HGM exacerberait les in\u00e9galit\u00e9s sociales existantes. Ce serait un acte d&#8217;irresponsabilit\u00e9 scientifique mais, tout autant, avec la mont\u00e9e globale du n\u00e9o-fascisme, d&#8217;irresponsabilit\u00e9 politique.<\/li>\r\n\r\n\r\n\r\n<li>Comme le clonage humain, la HGM est consid\u00e9r\u00e9e contraire \u00e0 la dignit\u00e9 humaine dans les d\u00e9clarations et trait\u00e9s internationaux, elle r\u00e9duit les \u00eatres humains au statut d&#8217;objets de consommation fabriqu\u00e9s et optimis\u00e9s.<\/li>\r\n\r\n\r\n\r\n<li>Il existe tout un panel de m\u00e9thodes alternatives s\u00fbres et efficaces pour \u00e9viter la transmission de conditions g\u00e9n\u00e9tiques, de sorte que le seul avantage de la HGM serait de garantir un lien g\u00e9n\u00e9tique de 100% entre parents et enfants. Il est absurde et dangereux d\u2019exposer un enfant aux graves risques sanitaires de la modification g\u00e9n\u00e9tique seulement dans le but de r\u00e9pondre \u00e0 cette &#8220;demande&#8221;.<\/li>\r\n\r\n\r\n\r\n<li>Nous sommes \u00e9galement particuli\u00e8rement inquiets de l\u2019exploitation, et des risques pour la sant\u00e9, des personnes dont les ovules sont destin\u00e9s \u00e0 la recherche pour rendre la HGM possible.<\/li>\r\n<\/ul>\r\n\r\n\r\n\r\n<p>Nous demandons \u00e0 l&#8217;ONU de cr\u00e9er une convention internationale pour interdire d\u00e9finitivement la HGM et le clonage humain. Pour nos enfants, ainsi que pour notre humanit\u00e9 commune, nous ne devons pas franchir cette ligne \u00e9thique et politique.<\/p>\r\n\r\n\r\n\r\n<p class=\"has-small-font-size\"><em>* Nous utilisons le terme &#8220;modification g\u00e9n\u00e9tique des \u00eatres humains&#8221; (HGM, pour Human Genetic Modification en anglais) plut\u00f4t que &#8220;\u00e9dition g\u00e9nomique&#8221;. Les scientifiques qui cherchent \u00e0 promouvoir la modification g\u00e9n\u00e9tique des \u00eatres humains ont introduit ce dernier terme pour apaiser les inqui\u00e9tudes du public concernant la cr\u00e9ation d&#8217;enfants &#8220;sur mesure&#8221;. Nous utilisons le terme &#8220;modification g\u00e9n\u00e9tique des \u00eatres humains&#8221; pour d\u00e9signer la modification g\u00e9n\u00e9tique d&#8217;ovules, de spermatozo\u00efdes ou d&#8217;embryons humains afin de cr\u00e9er une personne g\u00e9n\u00e9tiquement modifi\u00e9e, c\u2019est \u00e0 dire une personne dont toutes les cellules du corps contiennent la ou les mutations, et qui transmettra ces changements g\u00e9n\u00e9tiques \u00e0 sa descendance. La modification g\u00e9n\u00e9tique de groupes de cellules dans le but de traiter une maladie particuli\u00e8re comme, par exemple, les cellules de la peau, du foie ou des poumons, auquel nous ne nous opposons pas, est g\u00e9n\u00e9ralement appel\u00e9 th\u00e9rapie g\u00e9nique somatique.<\/em><\/p>\r\n\r\n\r\n\r\n<p>Contactez-nous : <strong>info at coalitionstopdesignerbabies.net<\/strong><\/p>\r\n\r\n\r\n\r\n<p><strong>POUR SIGNER LA D\u00c9CLARATION EN TANT QU&#8217;INDIVIDU OU ORGANISATION, VEUILLEZ <a href=\"https:\/\/framaforms.org\/international-declaration-against-legalisation-of-human-genetic-modification-1733221118\" target=\"_blank\" rel=\"noopener\">REMPLIR CE FORMULAIRE<\/a><\/strong><\/p>\r\n","protected":false},"excerpt":{"rendered":"<p>Deutsche Version \/\/ Version Fran\u00e7aise \/\/ Versi\u00f3n en castellano \/\/ English version \/\/ Versione italiana Les organisations et personnes soussign\u00e9es soutiennent le consensus international existant contre la modification g\u00e9n\u00e9tique des&hellip;<\/p>\n","protected":false},"author":1,"featured_media":0,"parent":29,"menu_order":0,"comment_status":"closed","ping_status":"closed","template":"","meta":{"_editorskit_title_hidden":false,"_editorskit_reading_time":0,"_editorskit_is_block_options_detached":false,"_editorskit_block_options_position":"{}","footnotes":""},"class_list":["post-90","page","type-page","status-publish","hentry"],"_links":{"self":[{"href":"https:\/\/coalitionstopdesignerbabies.net\/index.php?rest_route=\/wp\/v2\/pages\/90","targetHints":{"allow":["GET"]}}],"collection":[{"href":"https:\/\/coalitionstopdesignerbabies.net\/index.php?rest_route=\/wp\/v2\/pages"}],"about":[{"href":"https:\/\/coalitionstopdesignerbabies.net\/index.php?rest_route=\/wp\/v2\/types\/page"}],"author":[{"embeddable":true,"href":"https:\/\/coalitionstopdesignerbabies.net\/index.php?rest_route=\/wp\/v2\/users\/1"}],"replies":[{"embeddable":true,"href":"https:\/\/coalitionstopdesignerbabies.net\/index.php?rest_route=%2Fwp%2Fv2%2Fcomments&post=90"}],"version-history":[{"count":31,"href":"https:\/\/coalitionstopdesignerbabies.net\/index.php?rest_route=\/wp\/v2\/pages\/90\/revisions"}],"predecessor-version":[{"id":765,"href":"https:\/\/coalitionstopdesignerbabies.net\/index.php?rest_route=\/wp\/v2\/pages\/90\/revisions\/765"}],"up":[{"embeddable":true,"href":"https:\/\/coalitionstopdesignerbabies.net\/index.php?rest_route=\/wp\/v2\/pages\/29"}],"wp:attachment":[{"href":"https:\/\/coalitionstopdesignerbabies.net\/index.php?rest_route=%2Fwp%2Fv2%2Fmedia&parent=90"}],"curies":[{"name":"wp","href":"https:\/\/api.w.org\/{rel}","templated":true}]}}