{"id":79,"date":"2023-01-15T19:23:53","date_gmt":"2023-01-15T19:23:53","guid":{"rendered":"https:\/\/coalitionstopdesignerbabies.net\/?page_id=79"},"modified":"2025-05-11T13:06:04","modified_gmt":"2025-05-11T13:06:04","slug":"internationale-erklarung-gegen-die-legalisierung-von-vererbbaren-gentechnischen-veranderung-von-menschen","status":"publish","type":"page","link":"https:\/\/coalitionstopdesignerbabies.net\/?page_id=79","title":{"rendered":"Internationale Erkl\u00e4rung gegen die Legalisierung von vererbbaren gentechnischen Ver\u00e4nderung von Menschen"},"content":{"rendered":"\r\n<p><a href=\"https:\/\/coalitionstopdesignerbabies.net\/?page_id=79\">Deutsche Version<\/a> \/\/ <a href=\"https:\/\/coalitionstopdesignerbabies.net\/?page_id=90\">Version Fran\u00e7aise<\/a> \/\/ <a href=\"https:\/\/coalitionstopdesignerbabies.net\/?page_id=102\">Versi\u00f3n en castellano<\/a> \/\/ <a href=\"https:\/\/coalitionstopdesignerbabies.net\/\">English version<\/a> \/\/ <a href=\"https:\/\/coalitionstopdesignerbabies.net\/?page_id=265\">Versione italian<u><span style=\"text-decoration: underline;\">a<\/span><\/u><\/a><\/p>\r\n\r\n\r\n\r\n<p>Die unterzeichnenden Organisationen und Einzelpersonen unterst\u00fctzen den bestehenden starken internationalen Konsens gegen vererbbare humangenetische Ver\u00e4nderungen (human genetic modification, HGM*). Wir m\u00f6chten unsere gro\u00dfe Besorgnis zum Ausdruck bringen, \u00fcber die wissenschaftlichen Akademien und Personen, die derzeit versuchen, HGM zu legalisieren. Wir lehnen diese bedenklichen Bestrebungen ab! HGM ist medizinisch unn\u00f6tig. Vererbbare gentechnische Ver\u00e4nderungen von Menschen w\u00e4ren ein Akt extremer wissenschaftlicher Verantwortungslosigkeit, der schwerwiegende Folgen sowohl f\u00fcr die betroffenen Menschen, als auch f\u00fcr die gesamte Weltgemeinschaft riskiert.<\/p>\r\n\r\n\r\n\r\n\r\n\r\n<p>Basierend auf den Erfahrungen der Geschichte der Eugenik wurde das Klonen von Menschen und HGM in den 1990er Jahren sowohl in internationalen Menschenrechtsvertr\u00e4gen als auch in vielen L\u00e4ndern verboten. Wir unterst\u00fctzen diesen internationalen ethischen Konsens. An seinen Gr\u00fcnden \u00e4ndern auch neue technische M\u00f6glichkeiten zur Durchf\u00fchrung von HGM nichts. Wir glauben:<\/p>\r\n\r\n\r\n\r\n<ul class=\"wp-block-list\">\r\n<li>Das \u201eDesignen\u201c der Gene von Kindern widerspricht den akzeptierten grundlegenden Vorstellungen von Vielfalt, Inklusion und Gleichheit aller vulnerablen Individuen und Minderheitengruppen. Anstatt Kinder in einem Wettbewerb genetisch zu \u201everbessern\u201c, wollen wir eine Welt anstreben, die alle Individuen und Gruppen von Menschen wertsch\u00e4tzt und akzeptiert und die sich nicht auf repressive und biologisch deterministische Vorurteile dar\u00fcber st\u00fctzt, was einen \u201ebesseren\u201c Menschen ausmacht. Die Legalisierung von HGM w\u00fcrde die bestehenden sozialen Ungleichheiten noch versch\u00e4rfen. Es w\u00e4re wissenschaftlich verantwortungslos und in einer Zeit des aufkommenden Neofaschismus auch politisch leichtsinnig.<\/li>\r\n\r\n\r\n\r\n<li>Wie das Klonen von Menschen wird auch die HGM in internationalen Erkl\u00e4rungen und Vertr\u00e4gen als Versto\u00df gegen die Menschenw\u00fcrde bezeichnet, weil sie den Menschen auf den Status eines designten und optimierten Konsumobjekts reduziert.<\/li>\r\n\r\n\r\n\r\n<li>Es gibt eine Reihe (z.T. ethisch ebenso umstrittener) alternativer Methoden zur Vermeidung genetischer Erkrankungen, sodass der einzige Vorteil der HGM darin best\u00fcnde, eine 100-prozentige genetische Elternschaft des Kindes sicherzustellen. Es kann niemals ethisch vertretbar sein, ein Kind zu diesem Zweck den schweren gesundheitlichen Risiken einer genetischen Ver\u00e4nderung auszusetzen.<\/li>\r\n\r\n\r\n\r\n<li>Wir sind auch besorgt \u00fcber die Ausbeutung und die gesundheitlichen Risiken derjenigen, denen Eizellen f\u00fcr die Forschung entnommen werden, um HGM zu erm\u00f6glichen.<\/li>\r\n<\/ul>\r\n\r\n\r\n\r\n<p>Wir fordern die UNO zur Schaffung einer internationalen Konvention auf, die HGM und das Klonen von Menschen dauerhaft verbietet. Um unserer Kinder und unserer gemeinsamen Menschlichkeit Willen d\u00fcrfen wir diese ethische Grenze nicht \u00fcberschreiten.<\/p>\r\n\r\n\r\n\r\n<p class=\"has-small-font-size\"><em>* Wir verwenden den Begriff vererbbare \u201ehumangenetische Ver\u00e4nderung\u201c (HGM) und nicht \u201eGenom-Editierung \/ Genome Editing\u201c. Wissenschaftler*innen, die f\u00fcr die gesellschaftliche Akzeptanz von HGM werben, haben den letzteren Begriff eingef\u00fchrt, um die Bedenken der \u00d6ffentlichkeit \u00fcber die Schaffung von Designerkindern zu zerstreuen. Mit dem Begriff \u201ehumangenetische Ver\u00e4nderung&#8221; meinen wir die genetische Ver\u00e4nderung menschlicher Eizellen, Spermien oder Embryonen, um eine Person zu schaffen, die in allen K\u00f6rperzellen gentechnisch ver\u00e4ndert ist und die Ver\u00e4nderung an ihre Nachkommen weitergeben wird. Die gentechnische Ver\u00e4nderung von Zellen zur Behandlung einer bestimmten Krankheit, z.B. von Haut-, Leber- oder Lungenzellen, die wir nicht ablehnen, wird gew\u00f6hnlich als somatische Gentherapie bezeichnet.<\/em><\/p>\r\n\r\n\r\n\r\n<p>Kontaktieren Sie uns: <strong>info at coalitionstopdesignerbabies.net<\/strong><\/p>\r\n\r\n\r\n\r\n\r\n\r\n<p><strong>UM DIE ERKL\u00c4RUNG ZU UNTERZEICHNEN, F\u00dcLLEN SIE BITTE DIESES <a href=\"https:\/\/framaforms.org\/international-declaration-against-legalisation-of-human-genetic-modification-1733221118\" target=\"_blank\" rel=\"noopener\">FORMULAR<\/a> AUS<\/strong><\/p>\r\n\r\n\r\n\r\n<p class=\"has-small-font-size\">\u00a0<\/p>\r\n","protected":false},"excerpt":{"rendered":"<p>Deutsche Version \/\/ Version Fran\u00e7aise \/\/ Versi\u00f3n en castellano \/\/ English version \/\/ Versione italiana Die unterzeichnenden Organisationen und Einzelpersonen unterst\u00fctzen den bestehenden starken internationalen Konsens gegen vererbbare humangenetische Ver\u00e4nderungen&hellip;<\/p>\n","protected":false},"author":1,"featured_media":0,"parent":0,"menu_order":0,"comment_status":"closed","ping_status":"closed","template":"","meta":{"_editorskit_title_hidden":false,"_editorskit_reading_time":0,"_editorskit_is_block_options_detached":false,"_editorskit_block_options_position":"{}","footnotes":""},"class_list":["post-79","page","type-page","status-publish","hentry"],"_links":{"self":[{"href":"https:\/\/coalitionstopdesignerbabies.net\/index.php?rest_route=\/wp\/v2\/pages\/79","targetHints":{"allow":["GET"]}}],"collection":[{"href":"https:\/\/coalitionstopdesignerbabies.net\/index.php?rest_route=\/wp\/v2\/pages"}],"about":[{"href":"https:\/\/coalitionstopdesignerbabies.net\/index.php?rest_route=\/wp\/v2\/types\/page"}],"author":[{"embeddable":true,"href":"https:\/\/coalitionstopdesignerbabies.net\/index.php?rest_route=\/wp\/v2\/users\/1"}],"replies":[{"embeddable":true,"href":"https:\/\/coalitionstopdesignerbabies.net\/index.php?rest_route=%2Fwp%2Fv2%2Fcomments&post=79"}],"version-history":[{"count":31,"href":"https:\/\/coalitionstopdesignerbabies.net\/index.php?rest_route=\/wp\/v2\/pages\/79\/revisions"}],"predecessor-version":[{"id":764,"href":"https:\/\/coalitionstopdesignerbabies.net\/index.php?rest_route=\/wp\/v2\/pages\/79\/revisions\/764"}],"wp:attachment":[{"href":"https:\/\/coalitionstopdesignerbabies.net\/index.php?rest_route=%2Fwp%2Fv2%2Fmedia&parent=79"}],"curies":[{"name":"wp","href":"https:\/\/api.w.org\/{rel}","templated":true}]}}