{"id":265,"date":"2023-01-24T15:21:07","date_gmt":"2023-01-24T15:21:07","guid":{"rendered":"https:\/\/coalitionstopdesignerbabies.net\/?page_id=265"},"modified":"2025-05-11T13:06:59","modified_gmt":"2025-05-11T13:06:59","slug":"dichiarazione-internazionale-contro-la-legalizzazione-della-modificazione-genetica-degli-esseri-umani","status":"publish","type":"page","link":"https:\/\/coalitionstopdesignerbabies.net\/?page_id=265","title":{"rendered":"Dichiarazione internazionale contro la legalizzazione della modificazione genetica degli esseri umani"},"content":{"rendered":"\r\n<p><a href=\"https:\/\/coalitionstopdesignerbabies.net\/?page_id=79\">Deutsche Version<\/a> \/\/ <a href=\"https:\/\/coalitionstopdesignerbabies.net\/?page_id=90\">Version Fran\u00e7aise<\/a> \/\/ <a href=\"https:\/\/coalitionstopdesignerbabies.net\/?page_id=102\">Versi\u00f3n en castellano<\/a> \/\/ <a href=\"https:\/\/coalitionstopdesignerbabies.net\/\">English version<\/a> \/\/ <a href=\"https:\/\/coalitionstopdesignerbabies.net\/?page_id=265\">Versione italian<u><span style=\"text-decoration: underline;\">a<\/span><\/u><\/a><\/p>\r\n\r\n\r\n\r\n<p>Le sottoscritte organizzazioni e persone sostengono il deciso consenso internazionale esistente contro la modificazione genetica degli esseri umani (HGM*). Esprimiamo la nostra profonda preoccupazione e la nostra opposizione alle accademie e alle altre societ\u00e0 scientifiche che stanno attualmente cercando di legalizzare la modificazione genetica degli esseri umani. Dal punto di vista medico, la HGM \u00e8 una pratica completamente inutile. Continuare a perseguirla sarebbe non solo scientificamente irresponsabile ma, soprattutto, potrebbe produrre conseguenze estremamente nefaste a livello individuale e collettivo.<\/p>\r\n\r\n\r\n\r\n<p>Diversi trattati internazionali e molti paesi hanno bandito la clonazione umana e la HGM negli anni &#8217;90 innanzitutto a causa dei terribili trascorsi dell&#8217;eugenetica. Sosteniamo tale unanimit\u00e0 internazionale radicata in chiari principi e in un profondo sentire che non possono essere scalfitti dallo sviluppo di nuove tecnologie di modificazione genetica. Noi segnatari, perci\u00f2, dichiariamo quanto segue:<\/p>\r\n\r\n\r\n\r\n<ul class=\"wp-block-list\">\r\n<li>La manipolazione genetica dei bambini contrasta con l\u2019inclusione e l\u2019uguaglianza di tutte le persone vulnerabili e delle minoranze. \u00c8 un attacco alla diversit\u00e0 umana. Piuttosto che promuovere una competizione basata sul \u201cmiglioramento\u201d genetico degli embrioni e mobilitare un pregiudizievole e oppressivo determinismo biologico per decidere cosa renderebbe \u201cmigliore\u201d un essere umano, noi vogliamo un mondo che celebri e accetti tutte le diversit\u00e0, sia individuali che collettive. Autorizzare la HGM aggraverebbe le disuguaglianze sociali esistenti. Sarebbe un atto di irresponsabilit\u00e0 scientifica ma, altrettanto, vista l&#8217;ascesa globale del neofascismo, una grave irresponsabilit\u00e0 politica.<\/li>\r\n\r\n\r\n\r\n<li>Al pari della clonazione umana, la HGM \u00e8 dichiarata pratica contraria alla dignit\u00e0 umana dalle dichiarazioni e dai trattati internazionali perch\u00e9 riduce gli esseri umani ad oggetti di consumo da progettare e ottimizzare.<\/li>\r\n\r\n\r\n\r\n<li>Esistono una serie di metodi alternativi, sicuri ed efficaci per evitare le patologie genetiche, quindi l&#8217;unico vantaggio della HGM sarebbe quello di garantire un legame genetico del 100% tra genitori e figli. \u00c8 assurdo e pericoloso esporre un bambino ai gravi rischi sanitari della modificazione genetica per tale scopo.<\/li>\r\n\r\n\r\n\r\n<li>Siamo inoltre particolarmente preoccupati per lo sfruttamento e i rischi per la salute delle persone i cui ovuli vengono destinati alla ricerca per rendere possibile la HGM.<\/li>\r\n<\/ul>\r\n\r\n\r\n\r\n<p>Chiediamo all&#8217;ONU di lanciare una convenzione internazionale che vieti definitivamente la HGM e la clonazione umana. Per i nostri figli, cos\u00ec come per la nostra comune umanit\u00e0, non dobbiamo oltrepassare questa linea etica e politica.<\/p>\r\n\r\n\r\n\r\n<p><em>* Usiamo il termine \u201cmodificazione genetica degli esseri umani\u201d (HGM, dall\u2019inglese<\/em> Human Genetic Modification<em>) piuttosto che \u201cediting genomico\u201d. Gli scienziati che cercano di promuovere la modificazione genetica degli esseri umani hanno introdotto quest&#8217;ultimo termine per placare le preoccupazioni del pubblico riguardo alla progettazione di bambini \u201csu misura\u201d. Usiamo il termine \u201cmodificazione genetica degli esseri umani\u201d per designare la modificazione genetica di ovuli, spermatozoi o embrioni umani al fine di creare una persona geneticamente modificata, cio\u00e8 una persona le cui cellule tutte contengono la o le mutazioni indotte, e che trasmetter\u00e0 questi cambiamenti genetici alla sua discendenza. La modificazione genetica di gruppi di cellule allo scopo di trattare una particolare malattia come, ad esempio, le cellule della pelle, del fegato o dei polmoni, a cui non ci opponiamo, \u00e8 generalmente chiamata terapia genica somatica.<\/em><\/p>\r\n\r\n\r\n\r\n<p>Contattaci:\u00a0<strong>info (chiocciola) coalitionstopdesignerbabies.net<\/strong><\/p>\r\n\r\n\r\n\r\n<p><strong>PER FIRMARE LA DICHIARAZIONE COME INDIVIDUO O ORGANIZZAZIONE COMPILA QUESTO <a href=\"https:\/\/framaforms.org\/international-declaration-against-legalisation-of-human-genetic-modification-1733221118\" target=\"_blank\" rel=\"noopener\">MODULO<\/a><\/strong><\/p>\r\n\r\n\r\n\r\n<p class=\"has-small-font-size\">\u00a0<\/p>\r\n","protected":false},"excerpt":{"rendered":"<p>Deutsche Version \/\/ Version Fran\u00e7aise \/\/ Versi\u00f3n en castellano \/\/ English version \/\/ Versione italiana Le sottoscritte organizzazioni e persone sostengono il deciso consenso internazionale esistente contro la modificazione genetica&hellip;<\/p>\n","protected":false},"author":1,"featured_media":0,"parent":0,"menu_order":0,"comment_status":"closed","ping_status":"closed","template":"","meta":{"_editorskit_title_hidden":false,"_editorskit_reading_time":0,"_editorskit_is_block_options_detached":false,"_editorskit_block_options_position":"{}","footnotes":""},"class_list":["post-265","page","type-page","status-publish","hentry"],"_links":{"self":[{"href":"https:\/\/coalitionstopdesignerbabies.net\/index.php?rest_route=\/wp\/v2\/pages\/265","targetHints":{"allow":["GET"]}}],"collection":[{"href":"https:\/\/coalitionstopdesignerbabies.net\/index.php?rest_route=\/wp\/v2\/pages"}],"about":[{"href":"https:\/\/coalitionstopdesignerbabies.net\/index.php?rest_route=\/wp\/v2\/types\/page"}],"author":[{"embeddable":true,"href":"https:\/\/coalitionstopdesignerbabies.net\/index.php?rest_route=\/wp\/v2\/users\/1"}],"replies":[{"embeddable":true,"href":"https:\/\/coalitionstopdesignerbabies.net\/index.php?rest_route=%2Fwp%2Fv2%2Fcomments&post=265"}],"version-history":[{"count":20,"href":"https:\/\/coalitionstopdesignerbabies.net\/index.php?rest_route=\/wp\/v2\/pages\/265\/revisions"}],"predecessor-version":[{"id":768,"href":"https:\/\/coalitionstopdesignerbabies.net\/index.php?rest_route=\/wp\/v2\/pages\/265\/revisions\/768"}],"wp:attachment":[{"href":"https:\/\/coalitionstopdesignerbabies.net\/index.php?rest_route=%2Fwp%2Fv2%2Fmedia&parent=265"}],"curies":[{"name":"wp","href":"https:\/\/api.w.org\/{rel}","templated":true}]}}