{"id":102,"date":"2023-01-15T20:55:43","date_gmt":"2023-01-15T20:55:43","guid":{"rendered":"https:\/\/coalitionstopdesignerbabies.net\/?page_id=102"},"modified":"2025-05-11T13:06:34","modified_gmt":"2025-05-11T13:06:34","slug":"declaracion-internacional-contra-la-legalizacion-de-la-modificacion-genetica-humana","status":"publish","type":"page","link":"https:\/\/coalitionstopdesignerbabies.net\/?page_id=102","title":{"rendered":"Declaraci\u00f3n internacional contra la legalizaci\u00f3n de la modificaci\u00f3n gen\u00e9tica humana"},"content":{"rendered":"\r\n<p><a href=\"https:\/\/coalitionstopdesignerbabies.net\/?page_id=79\">Deutsche Version<\/a> \/\/ <a href=\"https:\/\/coalitionstopdesignerbabies.net\/?page_id=90\">Version Fran\u00e7aise<\/a> \/\/ <a href=\"https:\/\/coalitionstopdesignerbabies.net\/?page_id=102\">Versi\u00f3n en castellano<\/a> \/\/ <a href=\"https:\/\/coalitionstopdesignerbabies.net\/\">English version<\/a> \/\/ <a href=\"https:\/\/coalitionstopdesignerbabies.net\/?page_id=265\">Versione italian<u><span style=\"text-decoration: underline;\">a<\/span><\/u><\/a><\/p>\r\n\r\n\r\n\r\n<p>Las organizaciones e individuos abajo firmantes apoyamos el fuerte consenso internacional existente contra la modificaci\u00f3n gen\u00e9tica de seres humanos (HGM*). Deseamos expresar nuestra gran preocupaci\u00f3n y oposici\u00f3n a aquellas instituciones cient\u00edficas y otras que actualmente buscan legalizar la HGM. La HGM es m\u00e9dicamente innecesaria. Llevarla a cabo es un acto de irresponsabilidad cient\u00edfica extrema, que probablemente tendr\u00e1 consecuencias enormemente perjudiciales para los individuos y para la sociedad.<\/p>\r\n\r\n\r\n\r\n<p>La historia de la eugenesia llev\u00f3 a la prohibici\u00f3n de la clonaci\u00f3n humana y la HGM tanto en algunos tratados internacionales de derechos humanos como en muchos pa\u00edses en la d\u00e9cada de 1990. Apoyamos este consenso \u00e9tico internacional, a pesar de las nuevas capacidades t\u00e9cnicas para realizar HGM. Creemos que:<\/p>\r\n\r\n\r\n\r\n<ul class=\"wp-block-list\">\r\n<li>Dise\u00f1ar los genes de los y las beb\u00e9s va en contra de una aceptaci\u00f3n universal de la diversidad y de la inclusi\u00f3n e igualdad de todos los individuos vulnerables y grupos minoritarios. En lugar de &#8220;mejorar&#8221; gen\u00e9ticamente a los y las beb\u00e9s de forma competitiva, queremos fomentar un mundo que celebre y acepte a todos los individuos y grupos de personas y que no se base en prejuicios opresivos y deterministas biol\u00f3gicos sobre lo que constituye un ser humano &#8220;mejor&#8221;. Permitir la HGM exacerbar\u00eda las desigualdades sociales existentes. Ser\u00eda un acto de irresponsabilidad cient\u00edfica y, en una \u00e9poca de creciente neofascismo, tambi\u00e9n de irresponsabilidad pol\u00edtica.<\/li>\r\n\r\n\r\n\r\n<li>Al igual que la clonaci\u00f3n humana, la HGM se menciona como contraria a la dignidad humana en declaraciones y tratados internacionales porque reduce a los seres humanos al estatus de objetos de consumo dise\u00f1ados y optimizados.<\/li>\r\n\r\n\r\n\r\n<li>Existen una serie de m\u00e9todos alternativos seguros y eficaces para evitar afecciones gen\u00e9ticas, por lo que la \u00fanica ventaja de la HGM ser\u00eda garantizar la paternidad gen\u00e9tica del ni\u00f1o o ni\u00f1a al 100%. Bajo este motivo, no es \u00e9tico someter a un ni\u00f1o o una ni\u00f1a a los graves riesgos para la salud causados potentialmente por la modificaci\u00f3n gen\u00e9tica.<\/li>\r\n\r\n\r\n\r\n<li>Tambi\u00e9n nos preocupan los riesgos para la salud y la explotaci\u00f3n de las personas desde las cuales se obtienen \u00f3vulos para la investigaci\u00f3n que hace posible la HGM.<\/li>\r\n<\/ul>\r\n\r\n\r\n\r\n<p>Hacemos un llamamiento a la ONU para que cree una convenci\u00f3n internacional que proh\u00edba permanentemente la HGM y la clonaci\u00f3n humana. Por el bien de nuestros hijos e hijas y de nuestra humanidad com\u00fan, no debemos cruzar esta l\u00ednea \u00e9tica.<\/p>\r\n\r\n\r\n\r\n<p class=\"has-small-font-size\">* <em>Utilizamos el t\u00e9rmino &#8220;modificaci\u00f3n gen\u00e9tica humana&#8221; (en ingl\u00e8s <em>Human Genetic Modification<\/em><\/em>,<em> HGM) en lugar de &#8220;edici\u00f3n gen\u00f3mica&#8221;. Las personas cient\u00edficas que promueven la HGM introdujeron este \u00faltimo t\u00e9rmino para disipar las preocupaciones de la opini\u00f3n p\u00fablica sobre la creaci\u00f3n de beb\u00e9s de dise\u00f1o. Utilizamos el t\u00e9rmino &#8220;modificaci\u00f3n gen\u00e9tica humana&#8221; para referirnos a la modificaci\u00f3n gen\u00e9tica de \u00f3vulos, espermatozoides o embriones humanos para crear una persona modificada gen\u00e9ticamente en todas las c\u00e9lulas de su cuerpo y que transmitir\u00e1 los cambios gen\u00e9ticos a su descendencia. Sin embargo, no nos oponemos a la ingenier\u00eda gen\u00e9tica de c\u00e9lulas (<em>como, por ejemplo, c\u00e9lulas de la piel, del h\u00edgado o de los pulm<\/em>ones) para tratar enfermedades concretas , que suele denominarse terapia g\u00e9nica som\u00e1tica.<\/em><\/p>\r\n\r\n\r\n\r\n<p>Contacte con nosotros:<strong> info at coalitionstopdesignerbabies.net<\/strong><\/p>\r\n\r\n\r\n\r\n<p><strong>PARA FIRMAR LA DECLARACI\u00d3N COMO INDIVIDUO O ORGANIZACION, RELLENE ESTE <a href=\"https:\/\/framaforms.org\/international-declaration-against-legalisation-of-human-genetic-modification-1733221118\" target=\"_blank\" rel=\"noopener\">FORMULARIO<\/a><\/strong><\/p>\r\n\r\n\r\n\r\n<p class=\"has-small-font-size\">\u00a0<\/p>\r\n","protected":false},"excerpt":{"rendered":"<p>Deutsche Version \/\/ Version Fran\u00e7aise \/\/ Versi\u00f3n en castellano \/\/ English version \/\/ Versione italiana Las organizaciones e individuos abajo firmantes apoyamos el fuerte consenso internacional existente contra la modificaci\u00f3n&hellip;<\/p>\n","protected":false},"author":1,"featured_media":0,"parent":0,"menu_order":0,"comment_status":"closed","ping_status":"closed","template":"","meta":{"_editorskit_title_hidden":false,"_editorskit_reading_time":0,"_editorskit_is_block_options_detached":false,"_editorskit_block_options_position":"{}","footnotes":""},"class_list":["post-102","page","type-page","status-publish","hentry"],"_links":{"self":[{"href":"https:\/\/coalitionstopdesignerbabies.net\/index.php?rest_route=\/wp\/v2\/pages\/102","targetHints":{"allow":["GET"]}}],"collection":[{"href":"https:\/\/coalitionstopdesignerbabies.net\/index.php?rest_route=\/wp\/v2\/pages"}],"about":[{"href":"https:\/\/coalitionstopdesignerbabies.net\/index.php?rest_route=\/wp\/v2\/types\/page"}],"author":[{"embeddable":true,"href":"https:\/\/coalitionstopdesignerbabies.net\/index.php?rest_route=\/wp\/v2\/users\/1"}],"replies":[{"embeddable":true,"href":"https:\/\/coalitionstopdesignerbabies.net\/index.php?rest_route=%2Fwp%2Fv2%2Fcomments&post=102"}],"version-history":[{"count":50,"href":"https:\/\/coalitionstopdesignerbabies.net\/index.php?rest_route=\/wp\/v2\/pages\/102\/revisions"}],"predecessor-version":[{"id":766,"href":"https:\/\/coalitionstopdesignerbabies.net\/index.php?rest_route=\/wp\/v2\/pages\/102\/revisions\/766"}],"wp:attachment":[{"href":"https:\/\/coalitionstopdesignerbabies.net\/index.php?rest_route=%2Fwp%2Fv2%2Fmedia&parent=102"}],"curies":[{"name":"wp","href":"https:\/\/api.w.org\/{rel}","templated":true}]}}